{"id":84249,"date":"2023-05-31T09:37:57","date_gmt":"2023-05-31T09:37:57","guid":{"rendered":"https:\/\/tensai.pt\/?page_id=84249"},"modified":"2026-01-14T15:00:21","modified_gmt":"2026-01-14T15:00:21","slug":"subscrever-newsletter","status":"publish","type":"page","link":"https:\/\/www.tensai.pt\/en\/company\/subscribe-to-newsletter\/","title":{"rendered":"SUBSCRIBE NEWSLETTER"},"content":{"rendered":"<div data-elementor-type=\"wp-page\" data-elementor-id=\"84249\" class=\"elementor elementor-84249\" data-elementor-post-type=\"page\">\n\t\t\t\t<div class=\"elementor-element elementor-element-3e0e16bb e-con-full e-flex e-con e-parent\" data-id=\"3e0e16bb\" data-element_type=\"container\" data-settings=\"{&quot;background_background&quot;:&quot;classic&quot;}\">\n\t\t\t\t<\/div>\n\t\t<div class=\"elementor-element elementor-element-156f0bb6 e-flex e-con-boxed e-con e-parent\" data-id=\"156f0bb6\" data-element_type=\"container\">\n\t\t\t\t\t<div class=\"e-con-inner\">\n\t\t\t\t<div class=\"elementor-element elementor-element-e8288b7 elementor-widget elementor-widget-text-editor\" data-id=\"e8288b7\" data-element_type=\"widget\" data-widget_type=\"text-editor.default\">\n\t\t\t\t<div class=\"elementor-widget-container\">\n\t\t\t\t\t\t\t\t\t<nav aria-label=\"breadcrumbs\" class=\"rank-math-breadcrumb\"><p><span class=\"last\">Home<\/span><\/p><\/nav>\t\t\t\t\t\t\t\t<\/div>\n\t\t\t\t<\/div>\n\t\t\t\t\t<\/div>\n\t\t\t\t<\/div>\n\t\t<div class=\"elementor-element elementor-element-41efed3e e-flex e-con-boxed e-con e-parent\" data-id=\"41efed3e\" data-element_type=\"container\">\n\t\t\t\t\t<div class=\"e-con-inner\">\n\t\t\t\t<div class=\"elementor-element elementor-element-61615566 elementor-widget elementor-widget-heading\" data-id=\"61615566\" data-element_type=\"widget\" data-widget_type=\"heading.default\">\n\t\t\t\t<div class=\"elementor-widget-container\">\n\t\t\t\t\t<h1 class=\"elementor-heading-title elementor-size-default\">SUBSCRIBE NEWSLETTER<\/h1>\t\t\t\t<\/div>\n\t\t\t\t<\/div>\n\t\t\t\t<div class=\"elementor-element elementor-element-40c03657 elementor-widget__width-initial elementor-widget elementor-widget-text-editor\" data-id=\"40c03657\" data-element_type=\"widget\" data-widget_type=\"text-editor.default\">\n\t\t\t\t<div class=\"elementor-widget-container\">\n\t\t\t\t\t\t\t\t\t<p>Subscribe to our newsletter and stay up to date with the latest news and news from the Tensai universe.<\/p>\t\t\t\t\t\t\t\t<\/div>\n\t\t\t\t<\/div>\n\t\t\t\t\t<\/div>\n\t\t\t\t<\/div>\n\t\t<div class=\"elementor-element elementor-element-38a0f5c6 e-flex e-con-boxed e-con e-parent\" data-id=\"38a0f5c6\" data-element_type=\"container\">\n\t\t\t\t\t<div class=\"e-con-inner\">\n\t\t\t\t<div class=\"elementor-element elementor-element-3e9b94e elementor-button-align-stretch elementor-widget elementor-widget-form\" data-id=\"3e9b94e\" data-element_type=\"widget\" data-settings=\"{&quot;step_next_label&quot;:&quot;Next&quot;,&quot;step_previous_label&quot;:&quot;Anterior&quot;,&quot;button_width&quot;:&quot;100&quot;,&quot;step_type&quot;:&quot;number_text&quot;,&quot;step_icon_shape&quot;:&quot;circle&quot;}\" data-widget_type=\"form.default\">\n\t\t\t\t<div class=\"elementor-widget-container\">\n\t\t\t\t\t\t\t<form class=\"elementor-form\" method=\"post\" id=\"contact_page_001\" name=\"Contact Form\" aria-label=\"Contact Form\" action=\"\">\n\t\t\t<input type=\"hidden\" name=\"post_id\" value=\"84249\"\/>\n\t\t\t<input type=\"hidden\" name=\"form_id\" value=\"3e9b94e\"\/>\n\t\t\t<input type=\"hidden\" name=\"referer_title\" value=\"SUBSCREVER NEWSLETTER - Tensai\" \/>\n\n\t\t\t\t\t\t\t<input type=\"hidden\" name=\"queried_id\" value=\"84249\"\/>\n\t\t\t\n\t\t\t<div class=\"elementor-form-fields-wrapper elementor-labels-\">\n\t\t\t\t\t\t\t\t<div class=\"elementor-field-type-text elementor-field-group elementor-column elementor-field-group-nome elementor-col-100 elementor-field-required\">\n\t\t\t\t\t\t\t\t\t\t\t\t<label for=\"form-field-nome\" class=\"elementor-field-label elementor-screen-only\">\n\t\t\t\t\t\t\t\tName\t\t\t\t\t\t\t<\/label>\n\t\t\t\t\t\t\t\t\t\t\t\t\t\t<input size=\"1\" type=\"text\" name=\"form_fields[nome]\" id=\"form-field-nome\" class=\"elementor-field elementor-size-sm  elementor-field-textual\" placeholder=\"Full name*\" required=\"required\">\n\t\t\t\t\t\t\t\t\t\t\t<\/div>\n\t\t\t\t\t\t\t\t<div class=\"elementor-field-type-text elementor-field-group elementor-column elementor-field-group-pais elementor-col-50 elementor-field-required\">\n\t\t\t\t\t\t\t\t\t\t\t\t<label for=\"form-field-pais\" class=\"elementor-field-label elementor-screen-only\">\n\t\t\t\t\t\t\t\tCountry\t\t\t\t\t\t\t<\/label>\n\t\t\t\t\t\t\t\t\t\t\t\t\t\t<input size=\"1\" type=\"text\" name=\"form_fields[pais]\" id=\"form-field-pais\" class=\"elementor-field elementor-size-sm  elementor-field-textual\" placeholder=\"Country*\" required=\"required\">\n\t\t\t\t\t\t\t\t\t\t\t<\/div>\n\t\t\t\t\t\t\t\t<div class=\"elementor-field-type-tel elementor-field-group elementor-column elementor-field-group-telemovel elementor-col-50 elementor-field-required\">\n\t\t\t\t\t\t\t\t\t\t\t\t<label for=\"form-field-telemovel\" class=\"elementor-field-label elementor-screen-only\">\n\t\t\t\t\t\t\t\tMobile\t\t\t\t\t\t\t<\/label>\n\t\t\t\t\t\t\t\t<input size=\"1\" type=\"tel\" name=\"form_fields[telemovel]\" id=\"form-field-telemovel\" class=\"elementor-field elementor-size-sm  elementor-field-textual\" placeholder=\"Mobile\" required=\"required\" pattern=\"[0-9()#&amp;+*-=.]+\" title=\"S\u00f3 s\u00e3o aceites n\u00fameros e caracteres de telefone (#, -, *, etc.).\">\n\n\t\t\t\t\t\t<\/div>\n\t\t\t\t\t\t\t\t<div class=\"elementor-field-type-email elementor-field-group elementor-column elementor-field-group-email elementor-col-100 elementor-field-required\">\n\t\t\t\t\t\t\t\t\t\t\t\t<label for=\"form-field-email\" class=\"elementor-field-label elementor-screen-only\">\n\t\t\t\t\t\t\t\tEmail\t\t\t\t\t\t\t<\/label>\n\t\t\t\t\t\t\t\t\t\t\t\t\t\t<input size=\"1\" type=\"email\" name=\"form_fields[email]\" id=\"form-field-email\" class=\"elementor-field elementor-size-sm  elementor-field-textual\" placeholder=\"E-mail\" required=\"required\">\n\t\t\t\t\t\t\t\t\t\t\t<\/div>\n\t\t\t\t\t\t\t\t<div class=\"elementor-field-type-checkbox elementor-field-group elementor-column elementor-field-group-field_b090c0e elementor-col-100\">\n\t\t\t\t\t\t\t\t\t\t\t\t<label for=\"form-field-field_b090c0e\" class=\"elementor-field-label elementor-screen-only\">\n\t\t\t\t\t\t\t\tWhat are your areas of interest?\t\t\t\t\t\t\t<\/label>\n\t\t\t\t\t\t<div class=\"elementor-field-subgroup\"><span class=\"elementor-field-option\"><input type=\"checkbox\" value=\"domestico\" id=\"form-field-field_b090c0e-0\" name=\"form_fields[field_b090c0e][]\"> <label for=\"form-field-field_b090c0e-0\">Domestic<\/label><\/span><span class=\"elementor-field-option\"><input type=\"checkbox\" value=\"Comercial\" id=\"form-field-field_b090c0e-1\" name=\"form_fields[field_b090c0e][]\"> <label for=\"form-field-field_b090c0e-1\">Commercial<\/label><\/span><span class=\"elementor-field-option\"><input type=\"checkbox\" value=\"Caves_de_Vinho\" id=\"form-field-field_b090c0e-2\" name=\"form_fields[field_b090c0e][]\"> <label for=\"form-field-field_b090c0e-2\">Wine Cellars<\/label><\/span><\/div>\t\t\t\t<\/div>\n\t\t\t\t\t\t\t\t<div class=\"elementor-field-type-acceptance elementor-field-group elementor-column elementor-field-group-accept_tc elementor-col-100 elementor-field-required\">\n\t\t\t\t\t\t\t\t\t\t\t\t<label for=\"form-field-accept_tc\" class=\"elementor-field-label elementor-screen-only\">\n\t\t\t\t\t\t\t\tTC\t\t\t\t\t\t\t<\/label>\n\t\t\t\t\t\t\t\t<div class=\"elementor-field-subgroup\">\n\t\t\t<span class=\"elementor-field-option\">\n\t\t\t\t<input type=\"checkbox\" name=\"form_fields[accept_tc]\" id=\"form-field-accept_tc\" class=\"elementor-field elementor-size-sm  elementor-acceptance-field\" required=\"required\">\n\t\t\t\t<label for=\"form-field-accept_tc\">I read and accept the Privacy Policy *<\/label>\t\t\t<\/span>\n\t\t<\/div>\n\t\t\t\t\t\t<\/div>\n\t\t\t\t\t\t\t\t<div class=\"elementor-field-group elementor-column elementor-field-type-submit elementor-col-100 e-form__buttons\">\n\t\t\t\t\t<button class=\"elementor-button elementor-size-sm\" type=\"submit\">\n\t\t\t\t\t\t<span class=\"elementor-button-content-wrapper\">\n\t\t\t\t\t\t\t\t\t\t\t\t\t\t\t\t\t\t\t\t\t\t<span class=\"elementor-button-text\">Subscribe<\/span>\n\t\t\t\t\t\t\t\t\t\t\t\t\t<\/span>\n\t\t\t\t\t<\/button>\n\t\t\t\t<\/div>\n\t\t\t<\/div>\n\t\t<input type=\"hidden\" name=\"trp-form-language\" value=\"en\"\/><\/form>\n\t\t\t\t\t\t<\/div>\n\t\t\t\t<\/div>\n\t\t\t\t\t<\/div>\n\t\t\t\t<\/div>\n\t\t<div class=\"elementor-element elementor-element-364b54a5 e-flex e-con-boxed e-con e-parent\" data-id=\"364b54a5\" data-element_type=\"container\">\n\t\t\t\t\t<div class=\"e-con-inner\">\n\t\t\t\t\t<\/div>\n\t\t\t\t<\/div>\n\t\t<div class=\"elementor-element elementor-element-53c13805 e-flex e-con-boxed e-con e-parent\" data-id=\"53c13805\" data-element_type=\"container\" data-settings=\"{&quot;background_background&quot;:&quot;classic&quot;}\">\n\t\t\t\t\t<div class=\"e-con-inner\">\n\t\t<div class=\"elementor-element elementor-element-40a66a5d e-con-full e-flex e-con e-child\" data-id=\"40a66a5d\" data-element_type=\"container\">\n\t\t\t\t<div class=\"elementor-element elementor-element-3601e38e elementor-widget elementor-widget-heading\" data-id=\"3601e38e\" data-element_type=\"widget\" data-widget_type=\"heading.default\">\n\t\t\t\t<div class=\"elementor-widget-container\">\n\t\t\t\t\t<div class=\"elementor-heading-title elementor-size-default\">LATEST NEWS<\/div>\t\t\t\t<\/div>\n\t\t\t\t<\/div>\n\t\t\t\t<\/div>\n\t\t<div class=\"elementor-element elementor-element-1d840ed0 e-con-full e-flex e-con e-child\" data-id=\"1d840ed0\" data-element_type=\"container\">\n\t\t\t\t<div class=\"elementor-element elementor-element-6b895f1e elementor-widget elementor-widget-litho-heading\" data-id=\"6b895f1e\" data-element_type=\"widget\" data-widget_type=\"litho-heading.default\">\n\t\t\t\t<div class=\"elementor-widget-container\">\n\t\t\t\t\t<h3 class=\"litho-heading elementor-size-default\"><span class=\"litho-primary-title\"><a href=\"#\">SEE ALL NEWS<\/a><\/span><span class=\"horizontal-separator\"><\/span><\/h3>\t\t\t\t<\/div>\n\t\t\t\t<\/div>\n\t\t\t\t<\/div>\n\t\t<div class=\"elementor-element elementor-element-69db8fd0 e-con-full e-flex e-con e-child\" data-id=\"69db8fd0\" data-element_type=\"container\">\n\t\t\t\t<div class=\"elementor-element elementor-element-4246d9b4 elementor-widget elementor-widget-ucaddon_uc_card_post_carousel\" data-id=\"4246d9b4\" data-element_type=\"widget\" data-widget_type=\"ucaddon_uc_card_post_carousel.default\">\n\t\t\t\t<div class=\"elementor-widget-container\">\n\t\t\t\t\t\n<!-- start Post Carousel Lite -->\n\t\t<link id='font-awesome-css' href='https:\/\/www.tensai.pt\/wp-content\/plugins\/unlimited-elements-for-elementor-premium\/assets_libraries\/font-awesome6\/fontawesome-all.min.css' type='text\/css' rel='stylesheet' >\n\t\t<link id='font-awesome-4-shim-css' href='https:\/\/www.tensai.pt\/wp-content\/plugins\/unlimited-elements-for-elementor-premium\/assets_libraries\/font-awesome6\/fontawesome-v4-shims.min.css' type='text\/css' rel='stylesheet' >\n\t\t<link id='owl-carousel-css' href='https:\/\/www.tensai.pt\/wp-content\/plugins\/unlimited-elements-for-elementor-premium\/assets_libraries\/owl-carousel-new\/assets\/owl.carousel.css' type='text\/css' rel='stylesheet' >\n\n<style>\/* widget: Post Carousel Lite *\/\n\n#uc_uc_card_post_carousel_elementor_4246d9b4 *{\n  box-sizing:border-box;\n}\n#uc_uc_card_post_carousel_elementor_4246d9b4{\n  position:relative;\n  min-height:1px;\n}\n#uc_uc_card_post_carousel_elementor_4246d9b4 .uc_image_carousel_content{\n\ttext-align:center;\n    display: flex;\n     flex-flow: column nowrap;\n}\n#uc_uc_card_post_carousel_elementor_4246d9b4 .ue_post_carousel_item\n{\n  overflow:hidden;\n  \n}\n\n#uc_uc_card_post_carousel_elementor_4246d9b4 .ue_post_btn_holder\n{\n  margin-top:auto;\n}\n\n#uc_uc_card_post_carousel_elementor_4246d9b4 .uc_more_btn{\n\n  display:inline-block;\n  text-align:center;\n  text-decoration:none;\n} \n\n.uc_overlay_image_carousel .uc_more_btn{\n  text-decoration:none;\n  display:inline-block;\n}\n\n.uc_overlay_image_carousel .uc_post_title{\n  font-size:21px;\n  text-decoration:none;\n}\n\n#uc_uc_card_post_carousel_elementor_4246d9b4 .owl-nav .owl-prev{\n    position:absolute;\n    display:inline-block;\n    text-align:center;\n}\n#uc_uc_card_post_carousel_elementor_4246d9b4 .owl-nav .owl-next{\n  position:absolute;\n  display:inline-block;\n  text-align:center;\n}\n\n\n#uc_uc_card_post_carousel_elementor_4246d9b4 .owl-dots {\noverflow:hidden;\ndisplay:true !important;\ntext-align:center;\n}\n\n#uc_uc_card_post_carousel_elementor_4246d9b4 .owl-dot {\nborder-radius:50%;\ndisplay:inline-block;\n}\n\n<\/style>\n\n<div class=\"uc_overlay_image_carousel\" id=\"uc_uc_card_post_carousel_elementor_4246d9b4\" data-custom-sethtml=\"true\" >\n   <div class=\"uc_carousel owl-carousel owl-theme uc-items-wrapper\">\n   \t\t<div class=\"uc_image_carousel_container_holder ue_post_carousel_item ue-NOT\u00cdCIAS\">\n  <div class=\"uc_image_carousel_placeholder\">\n    <a href=\"https:\/\/www.tensai.pt\/en\/news\/investment-industrial-operations-group-tensai\/\"><div class=\"uc_image_carousel_bg\"  style=\"background-image:url(https:\/\/www.tensai.pt\/wp-content\/uploads\/2026\/01\/TENSAI-INDUSTRIA-COVER-INVESTIMENTOS-GRUPO-REVITALIZACAO-E-MODERNIZACAO.jpg); background-size:cover; background-position:center; height:382px;background-repeat: no-repeat;\"><\/div><\/a>\n  <\/div>\n\n  <div class=\"uc_image_carousel_content\" >\n    <div class=\"ue_post_category\"><a href=\"https:\/\/www.tensai.pt\/en\/category\/news\/\">NEWS<\/a><\/div>            <a href=\"https:\/\/www.tensai.pt\/en\/news\/investment-industrial-operations-group-tensai\/\" style=\"text-decoration:none;\"><div class=\"uc_post_title\" style=\"text-decoration:none;\">\u20ac18.5M investment boosts Tensai Group's integrated and sustainable industrial operation<\/div><\/a>          <\/div>\n<\/div>\n<div class=\"uc_image_carousel_container_holder ue_post_carousel_item ue-NOT\u00cdCIAS\">\n  <div class=\"uc_image_carousel_placeholder\">\n    <a href=\"https:\/\/www.tensai.pt\/en\/news\/tensai-loti-sustainable-choice-2026\/\"><div class=\"uc_image_carousel_bg\"  style=\"background-image:url(https:\/\/www.tensai.pt\/wp-content\/uploads\/2026\/01\/TENSAI-INDUSTRIA_COVER-1-LOTI-ESCOLHA-SUSTENTAVEL_1200X1200.png); background-size:cover; background-position:center; height:382px;background-repeat: no-repeat;\"><\/div><\/a>\n  <\/div>\n\n  <div class=\"uc_image_carousel_content\" >\n    <div class=\"ue_post_category\"><a href=\"https:\/\/www.tensai.pt\/en\/category\/news\/\">NEWS<\/a><\/div>            <a href=\"https:\/\/www.tensai.pt\/en\/news\/tensai-loti-sustainable-choice-2026\/\" style=\"text-decoration:none;\"><div class=\"uc_post_title\" style=\"text-decoration:none;\">TENSAI Ind\u00fastria Sees LOTI Awarded Sustainable Choice 2026<\/div><\/a>          <\/div>\n<\/div>\n<div class=\"uc_image_carousel_container_holder ue_post_carousel_item ue-NOT\u00cdCIAS\">\n  <div class=\"uc_image_carousel_placeholder\">\n    <a href=\"https:\/\/www.tensai.pt\/en\/news\/manuel-joao-preto-merit-excellence-award-tensai\/\"><div class=\"uc_image_carousel_bg\"  style=\"background-image:url(https:\/\/www.tensai.pt\/wp-content\/uploads\/2026\/02\/capa-noticias.jpg); background-size:cover; background-position:center; height:382px;background-repeat: no-repeat;\"><\/div><\/a>\n  <\/div>\n\n  <div class=\"uc_image_carousel_content\" >\n    <div class=\"ue_post_category\"><a href=\"https:\/\/www.tensai.pt\/en\/category\/news\/\">NEWS<\/a><\/div>            <a href=\"https:\/\/www.tensai.pt\/en\/news\/manuel-joao-preto-merit-excellence-award-tensai\/\" style=\"text-decoration:none;\"><div class=\"uc_post_title\" style=\"text-decoration:none;\">Manuel Jo\u00e3o Preto Merit &amp; Excellence Award<\/div><\/a>          <\/div>\n<\/div>\n<div class=\"uc_image_carousel_container_holder ue_post_carousel_item ue-NOT\u00cdCIAS\">\n  <div class=\"uc_image_carousel_placeholder\">\n    <a href=\"https:\/\/www.tensai.pt\/en\/news\/slim-135-compact-cooling-unit-multi-sector-coming-soon\/\"><div class=\"uc_image_carousel_bg\"  style=\"background-image:url(https:\/\/www.tensai.pt\/wp-content\/uploads\/2025\/11\/TENSAI-INDUSTRIA_SLIM-COVER-NOTICIA-PT.jpg); background-size:cover; background-position:center; height:382px;background-repeat: no-repeat;\"><\/div><\/a>\n  <\/div>\n\n  <div class=\"uc_image_carousel_content\" >\n    <div class=\"ue_post_category\"><a href=\"https:\/\/www.tensai.pt\/en\/category\/news\/\">NEWS<\/a><\/div>            <a href=\"https:\/\/www.tensai.pt\/en\/news\/slim-135-compact-cooling-unit-multi-sector-coming-soon\/\" style=\"text-decoration:none;\"><div class=\"uc_post_title\" style=\"text-decoration:none;\">SLIM 135 - Tensai's Compact, Customizable, Multi-Sector Cold Solution | COMING SOON<\/div><\/a>          <\/div>\n<\/div>\n<div class=\"uc_image_carousel_container_holder ue_post_carousel_item ue-NOT\u00cdCIAS\">\n  <div class=\"uc_image_carousel_placeholder\">\n    <a href=\"https:\/\/www.tensai.pt\/en\/news\/tensai-manufacturer-loti-product-of-the-year-2025\/\"><div class=\"uc_image_carousel_bg\"  style=\"background-image:url(https:\/\/www.tensai.pt\/wp-content\/uploads\/2025\/02\/CAPA-NOTICIA-LOTI-PRODUTO-DO-ANO-2025-INOVACAO-1.jpg); background-size:cover; background-position:center; height:382px;background-repeat: no-repeat;\"><\/div><\/a>\n  <\/div>\n\n  <div class=\"uc_image_carousel_content\" >\n    <div class=\"ue_post_category\"><a href=\"https:\/\/www.tensai.pt\/en\/category\/news\/\">NEWS<\/a><\/div>            <a href=\"https:\/\/www.tensai.pt\/en\/news\/tensai-manufacturer-loti-product-of-the-year-2025\/\" style=\"text-decoration:none;\"><div class=\"uc_post_title\" style=\"text-decoration:none;\">TENSAI: LOTI Manufacturer, Product of the Year 2025<\/div><\/a>          <\/div>\n<\/div>\n<div class=\"uc_image_carousel_container_holder ue_post_carousel_item ue-NOT\u00cdCIAS\">\n  <div class=\"uc_image_carousel_placeholder\">\n    <a href=\"https:\/\/www.tensai.pt\/en\/news\/tensai-supplies-o-preco-certo-cooling-equipment\/\"><div class=\"uc_image_carousel_bg\"  style=\"background-image:url(https:\/\/www.tensai.pt\/wp-content\/uploads\/2024\/12\/TENSAI-INDUSTRIA_COVER-PT-PRECO-CERTO_1200x1200.jpg); background-size:cover; background-position:center; height:382px;background-repeat: no-repeat;\"><\/div><\/a>\n  <\/div>\n\n  <div class=\"uc_image_carousel_content\" >\n    <div class=\"ue_post_category\"><a href=\"https:\/\/www.tensai.pt\/en\/category\/news\/\">NEWS<\/a><\/div>            <a href=\"https:\/\/www.tensai.pt\/en\/news\/tensai-supplies-o-preco-certo-cooling-equipment\/\" style=\"text-decoration:none;\"><div class=\"uc_post_title\" style=\"text-decoration:none;\">TENSAI TEAM \u201cO PRE\u00c7O CERTO\" | EXCLUSIVE COOLING SOLUTIONS<\/div><\/a>          <\/div>\n<\/div>\n<div class=\"uc_image_carousel_container_holder ue_post_carousel_item ue-NOT\u00cdCIAS\">\n  <div class=\"uc_image_carousel_placeholder\">\n    <a href=\"https:\/\/www.tensai.pt\/en\/news\/tensai-industria-pme-excellence-2023-prize\/\"><div class=\"uc_image_carousel_bg\"  style=\"background-image:url(https:\/\/www.tensai.pt\/wp-content\/uploads\/2024\/12\/TENSAI-INDUSTRIA_POST-PME-EXCELENCIA_1200X1200.jpg); background-size:cover; background-position:center; height:382px;background-repeat: no-repeat;\"><\/div><\/a>\n  <\/div>\n\n  <div class=\"uc_image_carousel_content\" >\n    <div class=\"ue_post_category\"><a href=\"https:\/\/www.tensai.pt\/en\/category\/news\/\">NEWS<\/a><\/div>            <a href=\"https:\/\/www.tensai.pt\/en\/news\/tensai-industria-pme-excellence-2023-prize\/\" style=\"text-decoration:none;\"><div class=\"uc_post_title\" style=\"text-decoration:none;\">TENSAI IND\u00daSTRIA RECEIVES PME EXCELLENCE AWARD 2023<\/div><\/a>          <\/div>\n<\/div>\n<div class=\"uc_image_carousel_container_holder ue_post_carousel_item ue-NOT\u00cdCIAS\">\n  <div class=\"uc_image_carousel_placeholder\">\n    <a href=\"https:\/\/www.tensai.pt\/en\/news\/tensai-in-valor-economico-growth-and-innovation-in-refrigeration\/\"><div class=\"uc_image_carousel_bg\"  style=\"background-image:url(https:\/\/www.tensai.pt\/wp-content\/uploads\/2024\/12\/TENSAI-INDUSTRIA_COVER-1-JORNAL-VALOR-ECONOMICO_1500X1500.jpg); background-size:cover; background-position:center; height:382px;background-repeat: no-repeat;\"><\/div><\/a>\n  <\/div>\n\n  <div class=\"uc_image_carousel_content\" >\n    <div class=\"ue_post_category\"><a href=\"https:\/\/www.tensai.pt\/en\/category\/news\/\">NEWS<\/a><\/div>            <a href=\"https:\/\/www.tensai.pt\/en\/news\/tensai-in-valor-economico-growth-and-innovation-in-refrigeration\/\" style=\"text-decoration:none;\"><div class=\"uc_post_title\" style=\"text-decoration:none;\">TENSAI IN ECONOMIC VALUE: GROWTH AND INNOVATION IN REFRIGERATION<\/div><\/a>          <\/div>\n<\/div>\n<div class=\"uc_image_carousel_container_holder ue_post_carousel_item ue-NOT\u00cdCIAS\">\n  <div class=\"uc_image_carousel_placeholder\">\n    <a href=\"https:\/\/www.tensai.pt\/en\/news\/import-models-tensai-flexibility-and-efficiency-in-distribution-of-refrigeration-equipment\/\"><div class=\"uc_image_carousel_bg\"  style=\"background-image:url(https:\/\/www.tensai.pt\/wp-content\/uploads\/2024\/11\/TENSAI-INDUSTRIA_MODEL-IMPORTATION-CAPA-PT.png); background-size:cover; background-position:center; height:382px;background-repeat: no-repeat;\"><\/div><\/a>\n  <\/div>\n\n  <div class=\"uc_image_carousel_content\" >\n    <div class=\"ue_post_category\"><a href=\"https:\/\/www.tensai.pt\/en\/category\/news\/\">NEWS<\/a><\/div>            <a href=\"https:\/\/www.tensai.pt\/en\/news\/import-models-tensai-flexibility-and-efficiency-in-distribution-of-refrigeration-equipment\/\" style=\"text-decoration:none;\"><div class=\"uc_post_title\" style=\"text-decoration:none;\">TENSAI IMPORT MODELS: FLEXIBILITY AND EFFICIENCY IN THE DISTRIBUTION OF REFRIGERATION EQUIPMENT<\/div><\/a>          <\/div>\n<\/div>\n<div class=\"uc_image_carousel_container_holder ue_post_carousel_item ue-NOT\u00cdCIAS\">\n  <div class=\"uc_image_carousel_placeholder\">\n    <a href=\"https:\/\/www.tensai.pt\/en\/news\/ultra-low-freezer-by-tensai-the-innovative-solution-to-preserve-sushi\/\"><div class=\"uc_image_carousel_bg\"  style=\"background-image:url(https:\/\/www.tensai.pt\/wp-content\/uploads\/2024\/09\/TENSAI-INDUSTRIA_CATALOGO-UL100-PT.png); background-size:cover; background-position:center; height:382px;background-repeat: no-repeat;\"><\/div><\/a>\n  <\/div>\n\n  <div class=\"uc_image_carousel_content\" >\n    <div class=\"ue_post_category\"><a href=\"https:\/\/www.tensai.pt\/en\/category\/news\/\">NEWS<\/a><\/div>            <a href=\"https:\/\/www.tensai.pt\/en\/news\/ultra-low-freezer-by-tensai-the-innovative-solution-to-preserve-sushi\/\" style=\"text-decoration:none;\"><div class=\"uc_post_title\" style=\"text-decoration:none;\">ULTRA LOW FREEZER BY TENSAI: THE INNOVATIVE SOLUTION FOR STORING SUSHI<\/div><\/a>          <\/div>\n<\/div>\n\n   <\/div>\t\n<\/div>\n<!-- end Post Carousel Lite -->\t\t\t\t<\/div>\n\t\t\t\t<\/div>\n\t\t\t\t<\/div>\n\t\t\t\t\t<\/div>\n\t\t\t\t<\/div>\n\t\t<div class=\"elementor-element elementor-element-71763d7 e-flex e-con-boxed e-con e-parent\" data-id=\"71763d7\" data-element_type=\"container\">\n\t\t\t\t\t<div class=\"e-con-inner\">\n\t\t\t\t\t<\/div>\n\t\t\t\t<\/div>\n\t\t<div class=\"elementor-element elementor-element-744631cc e-flex e-con-boxed e-con e-parent\" data-id=\"744631cc\" data-element_type=\"container\">\n\t\t\t\t\t<div class=\"e-con-inner\">\n\t\t\t\t\t<\/div>\n\t\t\t\t<\/div>\n\t\t\t\t<\/div>","protected":false},"excerpt":{"rendered":"<p>SUBSCREVER NEWSLETTER Subscreva a nossa newsletter e fique a par das \u00faltimas novidades e not\u00edcias do universo Tensai. \u00daLTIMAS NOT\u00cdCIAS VER TODAS AS NOT\u00cdCIAS NOT\u00cdCIAS Investimento de \u20ac18,5M impulsiona opera\u00e7\u00e3o industrial integrada e sustent\u00e1vel do Grupo Tensai NOT\u00cdCIAS TENSAI Ind\u00fastria v\u00ea LOTI distinguida como Sustainable Choice 2026 NOT\u00cdCIAS SLIM 135 \u2013 A Solu\u00e7\u00e3o de Frio [&hellip;]<\/p>","protected":false},"author":3,"featured_media":84250,"parent":76358,"menu_order":0,"comment_status":"closed","ping_status":"closed","template":"","meta":{"_acf_changed":false,"footnotes":""},"label":[],"page_categories":[],"etiqueta-energetica":[],"class_list":["post-84249","page","type-page","status-publish","has-post-thumbnail","hentry"],"acf":[],"_links":{"self":[{"href":"https:\/\/www.tensai.pt\/en\/wp-json\/wp\/v2\/pages\/84249","targetHints":{"allow":["GET"]}}],"collection":[{"href":"https:\/\/www.tensai.pt\/en\/wp-json\/wp\/v2\/pages"}],"about":[{"href":"https:\/\/www.tensai.pt\/en\/wp-json\/wp\/v2\/types\/page"}],"author":[{"embeddable":true,"href":"https:\/\/www.tensai.pt\/en\/wp-json\/wp\/v2\/users\/3"}],"replies":[{"embeddable":true,"href":"https:\/\/www.tensai.pt\/en\/wp-json\/wp\/v2\/comments?post=84249"}],"version-history":[{"count":0,"href":"https:\/\/www.tensai.pt\/en\/wp-json\/wp\/v2\/pages\/84249\/revisions"}],"up":[{"embeddable":true,"href":"https:\/\/www.tensai.pt\/en\/wp-json\/wp\/v2\/pages\/76358"}],"wp:featuredmedia":[{"embeddable":true,"href":"https:\/\/www.tensai.pt\/en\/wp-json\/wp\/v2\/media\/84250"}],"wp:attachment":[{"href":"https:\/\/www.tensai.pt\/en\/wp-json\/wp\/v2\/media?parent=84249"}],"wp:term":[{"taxonomy":"label","embeddable":true,"href":"https:\/\/www.tensai.pt\/en\/wp-json\/wp\/v2\/label?post=84249"},{"taxonomy":"page_categories","embeddable":true,"href":"https:\/\/www.tensai.pt\/en\/wp-json\/wp\/v2\/page_categories?post=84249"},{"taxonomy":"etiqueta-energetica","embeddable":true,"href":"https:\/\/www.tensai.pt\/en\/wp-json\/wp\/v2\/etiqueta-energetica?post=84249"}],"curies":[{"name":"wp","href":"https:\/\/api.w.org\/{rel}","templated":true}]}}